{"id":1743,"date":"2019-12-05T09:17:16","date_gmt":"2019-12-05T09:17:16","guid":{"rendered":"https:\/\/demoapus2.com\/rekon\/?page_id=1743"},"modified":"2023-09-08T15:59:14","modified_gmt":"2023-09-08T12:59:14","slug":"about-1","status":"publish","type":"page","link":"https:\/\/ayrintiemlakinsaat.com\/index.php\/about-1\/","title":{"rendered":"About Us"},"content":{"rendered":"\t\t<div data-elementor-type=\"wp-page\" data-elementor-id=\"1743\" class=\"elementor elementor-1743\">\n\t\t\t\t\t\t\t\t\t<section class=\"elementor-section elementor-top-section elementor-element elementor-element-62f68b5 elementor-section-stretched elementor-section-boxed elementor-section-height-default elementor-section-height-default\" data-id=\"62f68b5\" data-element_type=\"section\" data-settings=\"{&quot;stretch_section&quot;:&quot;section-stretched&quot;}\">\n\t\t\t\t\t\t<div class=\"elementor-container elementor-column-gap-extended\">\n\t\t\t\t\t<div class=\"elementor-column elementor-col-100 elementor-top-column elementor-element elementor-element-d88d9fc\" data-id=\"d88d9fc\" data-element_type=\"column\">\n\t\t\t<div class=\"elementor-widget-wrap elementor-element-populated\">\n\t\t\t\t\t\t\t\t<div class=\"elementor-element elementor-element-2c75355 elementor-widget elementor-widget-apus_element_heading\" data-id=\"2c75355\" data-element_type=\"widget\" data-widget_type=\"apus_element_heading.default\">\n\t\t\t\t<div class=\"elementor-widget-container\">\n\t\t\t<div class=\"apus-heading l-center \"><h2 class=\"heading-title\"><span>Kurumsal Gayrimenkul Uzmanl\u0131\u011f\u0131<\/span><\/h2><div class=\"wt-separator-outer\">\n                            <div class=\"wt-separator\">\n                                <span class=\"separator-left bg-theme\"><\/span>\n                                <span class=\"separator-right bg-theme\"><\/span>\n                            <\/div>\n                        <\/div><div class=\"sub\"><div class=\"sub-title-inside\">Bu hik\u00e2ye, y\u00fcksek emek, \u00f6zveri, yenilik ve \u00e7al\u0131\u015fkanl\u0131k ister.<\/div><\/div><\/div>\t\t<\/div>\n\t\t\t\t<\/div>\n\t\t\t\t\t<\/div>\n\t\t<\/div>\n\t\t\t\t\t\t\t<\/div>\n\t\t<\/section>\n\t\t\t\t<section class=\"elementor-section elementor-top-section elementor-element elementor-element-5d38cf0 elementor-section-stretched elementor-section-boxed elementor-section-height-default elementor-section-height-default\" data-id=\"5d38cf0\" data-element_type=\"section\" data-settings=\"{&quot;stretch_section&quot;:&quot;section-stretched&quot;}\">\n\t\t\t\t\t\t<div class=\"elementor-container elementor-column-gap-extended\">\n\t\t\t\t\t<div class=\"elementor-column elementor-col-50 elementor-top-column elementor-element elementor-element-969133f\" data-id=\"969133f\" data-element_type=\"column\">\n\t\t\t<div class=\"elementor-widget-wrap elementor-element-populated\">\n\t\t\t\t\t\t\t\t<div class=\"elementor-element elementor-element-bf36681 elementor-widget__width-initial elementor-widget-tablet__width-initial elementor-widget elementor-widget-apus_element_banner\" data-id=\"bf36681\" data-element_type=\"widget\" data-widget_type=\"apus_element_banner.default\">\n\t\t\t\t<div class=\"elementor-widget-container\">\n\t\t\t        <div class=\"widget-banner  style2\">\n                            <div class=\"banner-image-bg\" style=\"background-image:url(https:\/\/ayrintiemlakinsaat.com\/wp-content\/uploads\/2020\/01\/about-banner-01.jpg)\"><\/div>                   \n            \n            <div class=\"widget-banner-inner \">\n                                <div class=\"widget-banner-content\">\n                                    <\/div>\n                            <\/div>\n        <\/div>\n        \t\t<\/div>\n\t\t\t\t<\/div>\n\t\t\t\t<div class=\"elementor-element elementor-element-2924e31 elementor-widget__width-initial elementor-widget-tablet__width-initial elementor-widget elementor-widget-apus_element_banner\" data-id=\"2924e31\" data-element_type=\"widget\" data-widget_type=\"apus_element_banner.default\">\n\t\t\t\t<div class=\"elementor-widget-container\">\n\t\t\t        <div class=\"widget-banner  style2\">\n                            <div class=\"banner-image-bg\" style=\"background-image:url(https:\/\/ayrintiemlakinsaat.com\/wp-content\/uploads\/2020\/01\/about-banner-02.jpg)\"><\/div>                   \n            \n            <div class=\"widget-banner-inner \">\n                                <div class=\"widget-banner-content\">\n                                    <\/div>\n                            <\/div>\n        <\/div>\n        \t\t<\/div>\n\t\t\t\t<\/div>\n\t\t\t\t\t<\/div>\n\t\t<\/div>\n\t\t\t\t<div class=\"elementor-column elementor-col-50 elementor-top-column elementor-element elementor-element-1058d42\" data-id=\"1058d42\" data-element_type=\"column\">\n\t\t\t<div class=\"elementor-widget-wrap elementor-element-populated\">\n\t\t\t\t\t\t\t\t<div class=\"elementor-element elementor-element-a0f168d elementor-widget elementor-widget-heading\" data-id=\"a0f168d\" data-element_type=\"widget\" data-widget_type=\"heading.default\">\n\t\t\t\t<div class=\"elementor-widget-container\">\n\t\t\t<style>\/*! elementor - v3.15.0 - 20-08-2023 *\/\n.elementor-heading-title{padding:0;margin:0;line-height:1}.elementor-widget-heading .elementor-heading-title[class*=elementor-size-]>a{color:inherit;font-size:inherit;line-height:inherit}.elementor-widget-heading .elementor-heading-title.elementor-size-small{font-size:15px}.elementor-widget-heading .elementor-heading-title.elementor-size-medium{font-size:19px}.elementor-widget-heading .elementor-heading-title.elementor-size-large{font-size:29px}.elementor-widget-heading .elementor-heading-title.elementor-size-xl{font-size:39px}.elementor-widget-heading .elementor-heading-title.elementor-size-xxl{font-size:59px}<\/style><h3 class=\"elementor-heading-title elementor-size-default\">Gayrimenkul sat\u0131n almay\u0131 zor de\u011fil e\u011flenceli bir i\u015f haline getiriyoruz.<\/h3>\t\t<\/div>\n\t\t\t\t<\/div>\n\t\t\t\t<div class=\"elementor-element elementor-element-c427ff4 elementor-widget elementor-widget-heading\" data-id=\"c427ff4\" data-element_type=\"widget\" data-widget_type=\"heading.default\">\n\t\t\t\t<div class=\"elementor-widget-container\">\n\t\t\t<p class=\"elementor-heading-title elementor-size-default\">2017 y\u0131l\u0131nda Konya\u2019da Y\u00f6netim Kurulu Ba\u015fkan\u0131m\u0131z MEHMET K\u00d6KCE taraf\u0131ndan kurulan ve gayrimenkul sekt\u00f6r\u00fcne b\u00fcy\u00fck yenilikler getiren AYRINTI EMLAK olarak, ilk g\u00fcnden \u015fimdiye kadar b\u00fcy\u00fck bir \u00f6zveri ve g\u00fcvenle faaliyetlerimizi s\u00fcrd\u00fcrmekteyiz.\n\u015eehir hayat\u0131n\u0131n ihtiyac\u0131 olan kiral\u0131k ve sat\u0131l\u0131k ev taleplerini en do\u011fru \u015fekilde y\u00f6neterek bizimle temasa ge\u00e7en herkese her zaman mutluluk sunduk.\n\nYeni \u00e7iftlerimizin ilk evlerini, emeklilerimizin huzur yuvalar\u0131n\u0131, heyecanl\u0131 giri\u015fimlerin ofislerini, b\u00fcy\u00fck \u00fcreticilerin fabrikalar\u0131n\u0131 ve ihtiyaca uygun bir\u00e7ok yap\u0131y\u0131 ara\u015ft\u0131rd\u0131k, analiz ettik ve sahiplerine teslim ettik.\nTabii ki bununla da b\u0131rakmad\u0131k s\u00fcre\u00e7lerini takip ederek onlara kolay ve ula\u015f\u0131labilir bir i\u015fleyi\u015f ak\u0131\u015f\u0131yla geldik.<\/p>\t\t<\/div>\n\t\t\t\t<\/div>\n\t\t\t\t\t<\/div>\n\t\t<\/div>\n\t\t\t\t\t\t\t<\/div>\n\t\t<\/section>\n\t\t\t\t<section class=\"elementor-section elementor-top-section elementor-element elementor-element-a7795ec elementor-section-stretched elementor-section-boxed elementor-section-height-default elementor-section-height-default\" data-id=\"a7795ec\" data-element_type=\"section\" data-settings=\"{&quot;stretch_section&quot;:&quot;section-stretched&quot;,&quot;background_background&quot;:&quot;classic&quot;}\">\n\t\t\t\t\t\t\t<div class=\"elementor-background-overlay\"><\/div>\n\t\t\t\t\t\t\t<div class=\"elementor-container elementor-column-gap-extended\">\n\t\t\t\t\t<div class=\"elementor-column elementor-col-100 elementor-top-column elementor-element elementor-element-ab34e70\" data-id=\"ab34e70\" data-element_type=\"column\">\n\t\t\t<div class=\"elementor-widget-wrap elementor-element-populated\">\n\t\t\t\t\t\t\t\t<div class=\"elementor-element elementor-element-e865231 elementor-widget elementor-widget-image\" data-id=\"e865231\" data-element_type=\"widget\" data-widget_type=\"image.default\">\n\t\t\t\t<div class=\"elementor-widget-container\">\n\t\t\t<style>\/*! elementor - v3.15.0 - 20-08-2023 *\/\n.elementor-widget-image{text-align:center}.elementor-widget-image a{display:inline-block}.elementor-widget-image a img[src$=\".svg\"]{width:48px}.elementor-widget-image img{vertical-align:middle;display:inline-block}<\/style>\t\t\t\t\t\t\t\t\t\t\t\t<img decoding=\"async\" src=\"https:\/\/ayrintiemlakinsaat.com\/wp-content\/uploads\/elementor\/thumbs\/home-icon-qblgcivnloxluvsklmvdx3wgcfmeke956djujcxnb6.png\" title=\"home-icon\" alt=\"home-icon\" loading=\"lazy\" \/>\t\t\t\t\t\t\t\t\t\t\t\t\t\t\t<\/div>\n\t\t\t\t<\/div>\n\t\t\t\t<div class=\"elementor-element elementor-element-b72f589 elementor-widget__width-initial elementor-widget-tablet__width-initial elementor-widget-mobile__width-initial elementor-widget elementor-widget-heading\" data-id=\"b72f589\" data-element_type=\"widget\" data-widget_type=\"heading.default\">\n\t\t\t\t<div class=\"elementor-widget-container\">\n\t\t\t<h2 class=\"elementor-heading-title elementor-size-default\">Ta\u015f\u0131nmazlar Ya\u015fam\u0131n\u0131z\u0131 Bir \u00dcst Seviyeye Ta\u015f\u0131yabilirler<\/h2>\t\t<\/div>\n\t\t\t\t<\/div>\n\t\t\t\t\t<\/div>\n\t\t<\/div>\n\t\t\t\t\t\t\t<\/div>\n\t\t<\/section>\n\t\t\t\t<section class=\"elementor-section elementor-top-section elementor-element elementor-element-8a89713 elementor-section-stretched elementor-section-boxed elementor-section-height-default elementor-section-height-default\" data-id=\"8a89713\" data-element_type=\"section\" data-settings=\"{&quot;stretch_section&quot;:&quot;section-stretched&quot;}\">\n\t\t\t\t\t\t<div class=\"elementor-container elementor-column-gap-extended\">\n\t\t\t\t\t<div class=\"elementor-column elementor-col-100 elementor-top-column elementor-element elementor-element-e1c182d\" data-id=\"e1c182d\" data-element_type=\"column\">\n\t\t\t<div class=\"elementor-widget-wrap elementor-element-populated\">\n\t\t\t\t\t\t\t\t<div class=\"elementor-element elementor-element-77247e3 elementor-widget elementor-widget-apus_element_brands\" data-id=\"77247e3\" data-element_type=\"widget\" data-widget_type=\"apus_element_brands.default\">\n\t\t\t\t<div class=\"elementor-widget-container\">\n\t\t\t            <div class=\"widget-brand  carousel default\">\n                                    <div class=\"slick-carousel\" data-items=\"4\"  \n                      data-smallest=\"2\" data-pagination=\"true\" data-nav=\"false\" data-rows=\"1\">\n                                                      \n                                    <div class=\"brand-item\">\n                                        <div class=\"brand-item-container\">\n                                                                                            <img decoding=\"async\" src=\"https:\/\/ayrintiemlakinsaat.com\/wp-content\/uploads\/2020\/01\/brand_01.png\" alt=\"\">\n                                                                                    <\/div>                                        \n                                    <\/div>\n                                                                                  \n                                    <div class=\"brand-item\">\n                                        <div class=\"brand-item-container\">\n                                                                                            <img decoding=\"async\" src=\"https:\/\/ayrintiemlakinsaat.com\/wp-content\/uploads\/2020\/01\/brand_02.png\" alt=\"\">\n                                                                                    <\/div>                                        \n                                    <\/div>\n                                                                                  \n                                    <div class=\"brand-item\">\n                                        <div class=\"brand-item-container\">\n                                                                                            <img decoding=\"async\" src=\"https:\/\/ayrintiemlakinsaat.com\/wp-content\/uploads\/2020\/01\/brand_03.png\" alt=\"\">\n                                                                                    <\/div>                                        \n                                    <\/div>\n                                                                                  \n                                    <div class=\"brand-item\">\n                                        <div class=\"brand-item-container\">\n                                                                                            <img decoding=\"async\" src=\"https:\/\/ayrintiemlakinsaat.com\/wp-content\/uploads\/2020\/01\/brand_04.png\" alt=\"\">\n                                                                                    <\/div>                                        \n                                    <\/div>\n                                                                                  \n                                    <div class=\"brand-item\">\n                                        <div class=\"brand-item-container\">\n                                                                                            <img decoding=\"async\" src=\"https:\/\/ayrintiemlakinsaat.com\/wp-content\/uploads\/2020\/01\/brand_05.png\" alt=\"\">\n                                                                                    <\/div>                                        \n                                    <\/div>\n                                                                                  \n                                    <div class=\"brand-item\">\n                                        <div class=\"brand-item-container\">\n                                                                                            <img decoding=\"async\" src=\"https:\/\/ayrintiemlakinsaat.com\/wp-content\/uploads\/2020\/01\/brand_06.png\" alt=\"\">\n                                                                                    <\/div>                                        \n                                    <\/div>\n                                                                                  \n                                    <div class=\"brand-item\">\n                                        <div class=\"brand-item-container\">\n                                                                                            <img decoding=\"async\" src=\"https:\/\/ayrintiemlakinsaat.com\/wp-content\/uploads\/2020\/01\/brand_07.png\" alt=\"\">\n                                                                                    <\/div>                                        \n                                    <\/div>\n                                                                                  \n                                    <div class=\"brand-item\">\n                                        <div class=\"brand-item-container\">\n                                                                                            <img decoding=\"async\" src=\"https:\/\/ayrintiemlakinsaat.com\/wp-content\/uploads\/2020\/01\/brand_08.png\" alt=\"\">\n                                                                                    <\/div>                                        \n                                    <\/div>\n                                                                        <\/div>\n                            <\/div>\n            \t\t<\/div>\n\t\t\t\t<\/div>\n\t\t\t\t\t<\/div>\n\t\t<\/div>\n\t\t\t\t\t\t\t<\/div>\n\t\t<\/section>\n\t\t\t\t\t\t\t<\/div>\n\t\t","protected":false},"excerpt":{"rendered":"<p>Kurumsal Gayrimenkul Uzmanl\u0131\u011f\u0131 Bu hik\u00e2ye, y\u00fcksek emek, \u00f6zveri, yenilik ve \u00e7al\u0131\u015fkanl\u0131k ister. Gayrimenkul sat\u0131n almay\u0131 zor de\u011fil e\u011flenceli bir i\u015f haline getiriyoruz. 2017 y\u0131l\u0131nda Konya\u2019da Y\u00f6netim Kurulu Ba\u015fkan\u0131m\u0131z MEHMET K\u00d6KCE taraf\u0131ndan kurulan ve gayrimenkul sekt\u00f6r\u00fcne b\u00fcy\u00fck yenilikler getiren AYRINTI EMLAK olarak, ilk g\u00fcnden \u015fimdiye kadar b\u00fcy\u00fck bir \u00f6zveri ve g\u00fcvenle faaliyetlerimizi s\u00fcrd\u00fcrmekteyiz. \u015eehir hayat\u0131n\u0131n ihtiyac\u0131 &hellip; <br \/><a href=\"https:\/\/ayrintiemlakinsaat.com\/index.php\/about-1\/\" class=\"more-link\">Continue reading <span class=\"screen-reader-text\">About Us<\/span><\/a><\/p>\n","protected":false},"author":1,"featured_media":0,"parent":0,"menu_order":0,"comment_status":"closed","ping_status":"closed","template":"","meta":{"_monsterinsights_skip_tracking":false,"_monsterinsights_sitenote_active":false,"_monsterinsights_sitenote_note":"","_monsterinsights_sitenote_category":0,"footnotes":""},"aioseo_notices":[],"_links":{"self":[{"href":"https:\/\/ayrintiemlakinsaat.com\/index.php\/wp-json\/wp\/v2\/pages\/1743"}],"collection":[{"href":"https:\/\/ayrintiemlakinsaat.com\/index.php\/wp-json\/wp\/v2\/pages"}],"about":[{"href":"https:\/\/ayrintiemlakinsaat.com\/index.php\/wp-json\/wp\/v2\/types\/page"}],"author":[{"embeddable":true,"href":"https:\/\/ayrintiemlakinsaat.com\/index.php\/wp-json\/wp\/v2\/users\/1"}],"replies":[{"embeddable":true,"href":"https:\/\/ayrintiemlakinsaat.com\/index.php\/wp-json\/wp\/v2\/comments?post=1743"}],"version-history":[{"count":5,"href":"https:\/\/ayrintiemlakinsaat.com\/index.php\/wp-json\/wp\/v2\/pages\/1743\/revisions"}],"predecessor-version":[{"id":4163,"href":"https:\/\/ayrintiemlakinsaat.com\/index.php\/wp-json\/wp\/v2\/pages\/1743\/revisions\/4163"}],"wp:attachment":[{"href":"https:\/\/ayrintiemlakinsaat.com\/index.php\/wp-json\/wp\/v2\/media?parent=1743"}],"curies":[{"name":"wp","href":"https:\/\/api.w.org\/{rel}","templated":true}]}}