{"id":4067,"date":"2023-09-04T14:31:18","date_gmt":"2023-09-04T11:31:18","guid":{"rendered":"https:\/\/ayrintiemlakinsaat.com\/?page_id=4067"},"modified":"2023-09-08T16:02:12","modified_gmt":"2023-09-08T13:02:12","slug":"isyeri","status":"publish","type":"page","link":"https:\/\/ayrintiemlakinsaat.com\/index.php\/isyeri\/","title":{"rendered":"\u0130\u015eYER\u0130"},"content":{"rendered":"","protected":false},"excerpt":{"rendered":"","protected":false},"author":1,"featured_media":0,"parent":0,"menu_order":0,"comment_status":"closed","ping_status":"closed","template":"","meta":{"_monsterinsights_skip_tracking":false,"_monsterinsights_sitenote_active":false,"_monsterinsights_sitenote_note":"","_monsterinsights_sitenote_category":0,"footnotes":""},"aioseo_notices":[],"_links":{"self":[{"href":"https:\/\/ayrintiemlakinsaat.com\/index.php\/wp-json\/wp\/v2\/pages\/4067"}],"collection":[{"href":"https:\/\/ayrintiemlakinsaat.com\/index.php\/wp-json\/wp\/v2\/pages"}],"about":[{"href":"https:\/\/ayrintiemlakinsaat.com\/index.php\/wp-json\/wp\/v2\/types\/page"}],"author":[{"embeddable":true,"href":"https:\/\/ayrintiemlakinsaat.com\/index.php\/wp-json\/wp\/v2\/users\/1"}],"replies":[{"embeddable":true,"href":"https:\/\/ayrintiemlakinsaat.com\/index.php\/wp-json\/wp\/v2\/comments?post=4067"}],"version-history":[{"count":1,"href":"https:\/\/ayrintiemlakinsaat.com\/index.php\/wp-json\/wp\/v2\/pages\/4067\/revisions"}],"predecessor-version":[{"id":4068,"href":"https:\/\/ayrintiemlakinsaat.com\/index.php\/wp-json\/wp\/v2\/pages\/4067\/revisions\/4068"}],"wp:attachment":[{"href":"https:\/\/ayrintiemlakinsaat.com\/index.php\/wp-json\/wp\/v2\/media?parent=4067"}],"curies":[{"name":"wp","href":"https:\/\/api.w.org\/{rel}","templated":true}]}}